{"id":603,"date":"2024-08-01T13:55:44","date_gmt":"2024-08-01T13:55:44","guid":{"rendered":"https:\/\/www.planetacocoverde.com.br\/?post_type=product&#038;p=603"},"modified":"2024-08-01T14:01:56","modified_gmt":"2024-08-01T14:01:56","slug":"furador-de-coco-17cm-kehome-1-unidade","status":"publish","type":"product","link":"https:\/\/www.planetacocoverde.com.br\/pt\/produto\/furador-de-coco-17cm-kehome-1-unidade\/","title":{"rendered":"Furador de Coco 17cm KEHOME &#8211; 1 unidade"},"content":{"rendered":"<p>1 Furador de Coco 17cm KEHOME<\/p>\n<p>Kehome chegou com incriveis utesilios para voc\u00ea ter e utilizar na sua cozinha, trouxe pr\u00e1ticidade e qualidade.<\/p>\n<p>Composi\u00e7\u00e3o: Pl\u00e1stico e a\u00e7o inox.<br \/>\nTamanho: 17cm.<br \/>\nCont\u00e9m 01 unidade.<\/p>\n<p>Imagem meramente ilustrativa.<\/p>\n","protected":false},"excerpt":{"rendered":"<p>Kehome chegou com incriveis utesilios para voc\u00ea ter e utilizar na sua cozinha, trouxe pr\u00e1ticidade e qualidade.<\/p>\n","protected":false},"featured_media":596,"comment_status":"open","ping_status":"closed","template":"","meta":{"_acf_changed":false},"product_brand":[],"product_cat":[15,38],"product_tag":[],"class_list":{"0":"post-603","1":"product","2":"type-product","3":"status-publish","4":"has-post-thumbnail","6":"product_cat-sem-categoria","7":"product_cat-furadore-de-coco","9":"first","10":"instock","11":"sale","12":"shipping-taxable","13":"purchasable","14":"product-type-simple"},"acf":[],"_links":{"self":[{"href":"https:\/\/www.planetacocoverde.com.br\/pt\/wp-json\/wp\/v2\/product\/603","targetHints":{"allow":["GET"]}}],"collection":[{"href":"https:\/\/www.planetacocoverde.com.br\/pt\/wp-json\/wp\/v2\/product"}],"about":[{"href":"https:\/\/www.planetacocoverde.com.br\/pt\/wp-json\/wp\/v2\/types\/product"}],"replies":[{"embeddable":true,"href":"https:\/\/www.planetacocoverde.com.br\/pt\/wp-json\/wp\/v2\/comments?post=603"}],"version-history":[{"count":2,"href":"https:\/\/www.planetacocoverde.com.br\/pt\/wp-json\/wp\/v2\/product\/603\/revisions"}],"predecessor-version":[{"id":610,"href":"https:\/\/www.planetacocoverde.com.br\/pt\/wp-json\/wp\/v2\/product\/603\/revisions\/610"}],"wp:featuredmedia":[{"embeddable":true,"href":"https:\/\/www.planetacocoverde.com.br\/pt\/wp-json\/wp\/v2\/media\/596"}],"wp:attachment":[{"href":"https:\/\/www.planetacocoverde.com.br\/pt\/wp-json\/wp\/v2\/media?parent=603"}],"wp:term":[{"taxonomy":"product_brand","embeddable":true,"href":"https:\/\/www.planetacocoverde.com.br\/pt\/wp-json\/wp\/v2\/product_brand?post=603"},{"taxonomy":"product_cat","embeddable":true,"href":"https:\/\/www.planetacocoverde.com.br\/pt\/wp-json\/wp\/v2\/product_cat?post=603"},{"taxonomy":"product_tag","embeddable":true,"href":"https:\/\/www.planetacocoverde.com.br\/pt\/wp-json\/wp\/v2\/product_tag?post=603"}],"curies":[{"name":"wp","href":"https:\/\/api.w.org\/{rel}","templated":true}]}}