{"id":7,"date":"2024-03-15T03:14:29","date_gmt":"2024-03-15T03:14:29","guid":{"rendered":"https:\/\/www.planetacocoverde.com.br\/carrinho\/"},"modified":"2024-07-17T00:31:27","modified_gmt":"2024-07-17T00:31:27","slug":"carrinho","status":"publish","type":"page","link":"https:\/\/www.planetacocoverde.com.br\/pt\/carrinho\/","title":{"rendered":"Carrinho"},"content":{"rendered":"\t\t<div data-elementor-type=\"wp-page\" data-elementor-id=\"7\" class=\"elementor elementor-7\" data-elementor-post-type=\"page\">\n\t\t\t\t<div class=\"elementor-element elementor-element-75b963b e-flex e-con-boxed e-con e-parent\" data-id=\"75b963b\" data-element_type=\"container\">\n\t\t\t\t\t<div class=\"e-con-inner\">\n\t\t\t\t<div class=\"elementor-element elementor-element-2c435bb elementor-widget elementor-widget-cart-items-classic\" data-id=\"2c435bb\" data-element_type=\"widget\" data-widget_type=\"cart-items-classic.default\">\n\t\t\t\t<div class=\"elementor-widget-container\">\n\t\t\t\t\t<div class=\"woocommerce-notices-wrapper\"><\/div>\n\t\t<div class=\"wl-cart-items-classic\">\n\t\t\t<form class=\"woocommerce-cart-form\" action=\"https:\/\/www.planetacocoverde.com.br\/pt\/carrinho\/\" method=\"post\">\n\t\t\t\t<div class=\"woocommerce-notices-wrapper\"><\/div><div class=\"wc-empty-cart-message\">\n\t<div class=\"cart-empty woocommerce-info\">\n\t\tSeu carrinho est\u00e1 vazio.\t<\/div>\n<\/div>\t\t\t<\/form>\n\t\t<\/div>\n\t\t\t\t\t\t<\/div>\n\t\t\t\t<\/div>\n\t\t\t\t\t<\/div>\n\t\t\t\t<\/div>\n\t\t<div class=\"elementor-element elementor-element-639b4ab e-flex e-con-boxed e-con e-parent\" data-id=\"639b4ab\" data-element_type=\"container\">\n\t\t\t\t\t<div class=\"e-con-inner\">\n\t\t<div class=\"elementor-element elementor-element-c49a758 e-con-full e-flex e-con e-child\" data-id=\"c49a758\" data-element_type=\"container\">\n\t\t\t\t<div class=\"elementor-element elementor-element-dc288d7 elementor-widget elementor-widget-heading\" data-id=\"dc288d7\" data-element_type=\"widget\" data-widget_type=\"heading.default\">\n\t\t\t\t<div class=\"elementor-widget-container\">\n\t\t\t\t\t<h2 class=\"elementor-heading-title elementor-size-default\">Compre Tamb\u00e9m<\/h2>\t\t\t\t<\/div>\n\t\t\t\t<\/div>\n\t\t\t\t<div class=\"elementor-element elementor-element-d8c59b0 elementor-widget elementor-widget-shop-slider\" data-id=\"d8c59b0\" data-element_type=\"widget\" data-settings=\"{&quot;slides_show&quot;:1,&quot;animation_speed&quot;:300,&quot;autoplay&quot;:&quot;yes&quot;,&quot;autoplay_speed&quot;:3000,&quot;infinite_loop&quot;:true,&quot;navigation&quot;:&quot;arrow&quot;,&quot;slides_show_tablet&quot;:2,&quot;slides_show_mobile&quot;:1}\" data-widget_type=\"shop-slider.default\">\n\t\t\t\t<div class=\"elementor-widget-container\">\n\t\t\t\t\t\t\t\n\t\t<div class=\"wl-shop wl-shop-slider\" data-settings=\"a:0:{}\">\n\t\t\n<div class=\"wl-ssl-product-style\">\n\t\t<div class=\"cx-container\">\n\t\t<div class=\"wl-ssl-slider wl-ssl-slick-d8c59b0\">\n\n\t\t\t\t\t\t\t\t\t<div class=\"wl-ssl-single-product product wl-ssl-right\">\n\t\t\t\t\t\t\t\t\t\t\t\t\t\t\t<div class=\"wl-ssl-single-widget\">\n\n\t\t\t\t\t\t\t\t\t\t\t\t\t\t\t<div class=\"wl-ssl-corner-ribbon\">\n\t\t\t\t\t\t\t\t\t<span>33% off<\/span>\t\t\t\t\t\t\t\t<\/div>\n\t\t\t\t\t\t\t\n\t\t\t\t\t\t\t\t<div class=\"wl-ssl-product-img\">\n\n\t\t\t\t\t\t\t\t\t\t\t\t\t\t\t\t\t\t\t<img decoding=\"async\" src=\"https:\/\/www.planetacocoverde.com.br\/wp-content\/uploads\/2024\/08\/furador-coco-ke-home-02-1.png\" alt=\"Furador de Coco 17cm KEHOME - 3 unidades\"\/>  \n\t\t\t\t\t\t\t\t\t\n\t\t\t\t\t\t\t\t<\/div>\n\n\t\t\t\t\t\t\t\t\n\t\t\t\t\t\t\t\t<div class=\"wl-ssl-product-details\">\n\n\t\t\t\t\t\t\t\t\t\t\t\t\t\t\t\t\t\t\t<div class=\"wl-ssl-product-fav\">\n\t\t\t\t\t\t\t\t\t\t\t<i class=\"eicon-heart  ajax_add_to_wish\" data-product_id=\"608\"><\/i>\n\t\t\t\t\t\t\t\t\t\t<\/div>\n\t\t\t\t\t\t\t\t\t\n\t\t\t\t\t\t\t\t\t<div class=\"wl-ssl-product-info\">\n\n\t\t\t\t\t\t\t\t\t\t\t\t\t\t\t\t\t\t\t\t\t<div class=\"wl-ssl-product-name\"><a class=\"wl-gradient-heading\" href=\"https:\/\/www.planetacocoverde.com.br\/pt\/produto\/furador-de-coco-17cm-kehome-3-unidades\/\">Furador de Coco 17cm KEHOME - 3 unidades<\/a><\/div>\n\t\t\t\t\t\t\t\t\t\t\n\t\t\t\t\t\t\t\t\t\t\t\t\t\t\t\t\t\t\t\t\t\t<div class=\"wl-ssl-product-desc\">\n\t\t\t\t\t\t\t\t\t\t\t\t\t<p>\n\t\t\t\t\t\t\t\t\t\t\t\t\tKehome chegou com incriveis utesilios para voc\u00ea ter e utilizar na sua cozinha, trouxe pr\u00e1ticidade e qualidade.\t\t\t\t\t\t\t\t\t\t\t\t\t<\/p>\n\t\t\t\t\t\t\t\t\t\t\t\t<\/div>\n\t\t\t\t\t\t\t\t\t\t\n\t\t\t\t\t\t\t\t\t<\/div>\n\t\t\t\t\t\t\t\t\t\t\t\t\t\t\t\t\t\t<div class=\"wl-ssl-info-icons\">\n\t\t\t\t\t\t\t\t\t\t<div class=\"wl-ssl-price\">\n\t\t\t\t\t\t\t\t\t\t\t<h2 class=\"price\"><del aria-hidden=\"true\"><span class=\"woocommerce-Price-amount amount\"><span class=\"woocommerce-Price-currencySymbol\">&#082;&#036;<\/span>&nbsp;89,99<\/span><\/del> <span class=\"screen-reader-text\">O pre\u00e7o original era: &#082;&#036;&nbsp;89,99.<\/span><ins aria-hidden=\"true\"><span class=\"woocommerce-Price-amount amount\"><span class=\"woocommerce-Price-currencySymbol\">&#082;&#036;<\/span>&nbsp;59,99<\/span><\/ins><span class=\"screen-reader-text\">O pre\u00e7o atual \u00e9: &#082;&#036;&nbsp;59,99.<\/span><\/h2>\n\t\t\t\t\t\t\t\t\t\t<\/div>\n\n\t\t\t\t\t\t\t\t\t\t\t\t\t\t\t\t\t\t\t\t\t\t<div class=\"wl-ssl-product-cart\">\n\t\t\t\t\t\t\t\t\t\t\t\t\t<div class=\"wl-cart-area\">\n\t\t\t\t\t\t\t\t\t\t\t\t\t\t<a href=\"?add-to-cart=608\" data-quantity=\"1\" class=\"product_type_simple add_to_cart_button ajax_add_to_cart\" data-product_id=\"608\" ><i class=\"eicon-cart-solid\"><\/i><\/a>\n\t\t\t\t\t\t\t\t\t\t\t\t\t<\/div>\n\t\t\t\t\t\t\t\t\t\t\t\t<\/div>\n\t\t\t\t\t\t\t\t\t\t\t\t\t\t\t\t\t\t\t\t<\/div>\n\t\t\t\t\t\t\t\t<\/div>\n\t\t\t\t\t\t\t\t<\/div>\n\t\t\t\t\t\t\t\t\t\t\t\t\t<\/div>\n\n\t\t\t\t\t\t\t\t\t\t\t<div class=\"wl-ssl-single-product product wl-ssl-right\">\n\t\t\t\t\t\t\t\t\t\t\t\t\t\t\t<div class=\"wl-ssl-single-widget\">\n\n\t\t\t\t\t\t\t\t\t\t\t\t\t\t\t<div class=\"wl-ssl-corner-ribbon\">\n\t\t\t\t\t\t\t\t\t<span>25% off<\/span>\t\t\t\t\t\t\t\t<\/div>\n\t\t\t\t\t\t\t\n\t\t\t\t\t\t\t\t<div class=\"wl-ssl-product-img\">\n\n\t\t\t\t\t\t\t\t\t\t\t\t\t\t\t\t\t\t\t<img decoding=\"async\" src=\"https:\/\/www.planetacocoverde.com.br\/wp-content\/uploads\/2024\/08\/furador-coco-ke-home-02-1.png\" alt=\"Furador de Coco 17cm KEHOME - 2 unidades\"\/>  \n\t\t\t\t\t\t\t\t\t\n\t\t\t\t\t\t\t\t<\/div>\n\n\t\t\t\t\t\t\t\t\n\t\t\t\t\t\t\t\t<div class=\"wl-ssl-product-details\">\n\n\t\t\t\t\t\t\t\t\t\t\t\t\t\t\t\t\t\t\t<div class=\"wl-ssl-product-fav\">\n\t\t\t\t\t\t\t\t\t\t\t<i class=\"eicon-heart  ajax_add_to_wish\" data-product_id=\"606\"><\/i>\n\t\t\t\t\t\t\t\t\t\t<\/div>\n\t\t\t\t\t\t\t\t\t\n\t\t\t\t\t\t\t\t\t<div class=\"wl-ssl-product-info\">\n\n\t\t\t\t\t\t\t\t\t\t\t\t\t\t\t\t\t\t\t\t\t<div class=\"wl-ssl-product-name\"><a class=\"wl-gradient-heading\" href=\"https:\/\/www.planetacocoverde.com.br\/pt\/produto\/furador-de-coco-17cm-kehome-2-unidade\/\">Furador de Coco 17cm KEHOME - 2 unidades<\/a><\/div>\n\t\t\t\t\t\t\t\t\t\t\n\t\t\t\t\t\t\t\t\t\t\t\t\t\t\t\t\t\t\t\t\t\t<div class=\"wl-ssl-product-desc\">\n\t\t\t\t\t\t\t\t\t\t\t\t\t<p>\n\t\t\t\t\t\t\t\t\t\t\t\t\tKehome chegou com incriveis utesilios para voc\u00ea ter e utilizar na sua cozinha, trouxe pr\u00e1ticidade e qualidade.\t\t\t\t\t\t\t\t\t\t\t\t\t<\/p>\n\t\t\t\t\t\t\t\t\t\t\t\t<\/div>\n\t\t\t\t\t\t\t\t\t\t\n\t\t\t\t\t\t\t\t\t<\/div>\n\t\t\t\t\t\t\t\t\t\t\t\t\t\t\t\t\t\t<div class=\"wl-ssl-info-icons\">\n\t\t\t\t\t\t\t\t\t\t<div class=\"wl-ssl-price\">\n\t\t\t\t\t\t\t\t\t\t\t<h2 class=\"price\"><del aria-hidden=\"true\"><span class=\"woocommerce-Price-amount amount\"><span class=\"woocommerce-Price-currencySymbol\">&#082;&#036;<\/span>&nbsp;59,99<\/span><\/del> <span class=\"screen-reader-text\">O pre\u00e7o original era: &#082;&#036;&nbsp;59,99.<\/span><ins aria-hidden=\"true\"><span class=\"woocommerce-Price-amount amount\"><span class=\"woocommerce-Price-currencySymbol\">&#082;&#036;<\/span>&nbsp;44,99<\/span><\/ins><span class=\"screen-reader-text\">O pre\u00e7o atual \u00e9: &#082;&#036;&nbsp;44,99.<\/span><\/h2>\n\t\t\t\t\t\t\t\t\t\t<\/div>\n\n\t\t\t\t\t\t\t\t\t\t\t\t\t\t\t\t\t\t\t\t\t\t<div class=\"wl-ssl-product-cart\">\n\t\t\t\t\t\t\t\t\t\t\t\t\t<div class=\"wl-cart-area\">\n\t\t\t\t\t\t\t\t\t\t\t\t\t\t<a href=\"?add-to-cart=606\" data-quantity=\"1\" class=\"product_type_simple add_to_cart_button ajax_add_to_cart\" data-product_id=\"606\" ><i class=\"eicon-cart-solid\"><\/i><\/a>\n\t\t\t\t\t\t\t\t\t\t\t\t\t<\/div>\n\t\t\t\t\t\t\t\t\t\t\t\t<\/div>\n\t\t\t\t\t\t\t\t\t\t\t\t\t\t\t\t\t\t\t\t<\/div>\n\t\t\t\t\t\t\t\t<\/div>\n\t\t\t\t\t\t\t\t<\/div>\n\t\t\t\t\t\t\t\t\t\t\t\t\t<\/div>\n\n\t\t\t\t\t\t\t\t\t\t\t<div class=\"wl-ssl-single-product product wl-ssl-right\">\n\t\t\t\t\t\t\t\t\t\t\t\t\t\t\t<div class=\"wl-ssl-single-widget\">\n\n\t\t\t\t\t\t\t\t\t\t\t\t\t\t\t<div class=\"wl-ssl-corner-ribbon\">\n\t\t\t\t\t\t\t\t\t<span>17% off<\/span>\t\t\t\t\t\t\t\t<\/div>\n\t\t\t\t\t\t\t\n\t\t\t\t\t\t\t\t<div class=\"wl-ssl-product-img\">\n\n\t\t\t\t\t\t\t\t\t\t\t\t\t\t\t\t\t\t\t<img decoding=\"async\" src=\"https:\/\/www.planetacocoverde.com.br\/wp-content\/uploads\/2024\/08\/furador-coco-ke-home-02-1.png\" alt=\"Furador de Coco 17cm KEHOME - 1 unidade\"\/>  \n\t\t\t\t\t\t\t\t\t\n\t\t\t\t\t\t\t\t<\/div>\n\n\t\t\t\t\t\t\t\t\n\t\t\t\t\t\t\t\t<div class=\"wl-ssl-product-details\">\n\n\t\t\t\t\t\t\t\t\t\t\t\t\t\t\t\t\t\t\t<div class=\"wl-ssl-product-fav\">\n\t\t\t\t\t\t\t\t\t\t\t<i class=\"eicon-heart  ajax_add_to_wish\" data-product_id=\"603\"><\/i>\n\t\t\t\t\t\t\t\t\t\t<\/div>\n\t\t\t\t\t\t\t\t\t\n\t\t\t\t\t\t\t\t\t<div class=\"wl-ssl-product-info\">\n\n\t\t\t\t\t\t\t\t\t\t\t\t\t\t\t\t\t\t\t\t\t<div class=\"wl-ssl-product-name\"><a class=\"wl-gradient-heading\" href=\"https:\/\/www.planetacocoverde.com.br\/pt\/produto\/furador-de-coco-17cm-kehome-1-unidade\/\">Furador de Coco 17cm KEHOME - 1 unidade<\/a><\/div>\n\t\t\t\t\t\t\t\t\t\t\n\t\t\t\t\t\t\t\t\t\t\t\t\t\t\t\t\t\t\t\t\t\t<div class=\"wl-ssl-product-desc\">\n\t\t\t\t\t\t\t\t\t\t\t\t\t<p>\n\t\t\t\t\t\t\t\t\t\t\t\t\tKehome chegou com incriveis utesilios para voc\u00ea ter e utilizar na sua cozinha, trouxe pr\u00e1ticidade e qualidade.\t\t\t\t\t\t\t\t\t\t\t\t\t<\/p>\n\t\t\t\t\t\t\t\t\t\t\t\t<\/div>\n\t\t\t\t\t\t\t\t\t\t\n\t\t\t\t\t\t\t\t\t<\/div>\n\t\t\t\t\t\t\t\t\t\t\t\t\t\t\t\t\t\t<div class=\"wl-ssl-info-icons\">\n\t\t\t\t\t\t\t\t\t\t<div class=\"wl-ssl-price\">\n\t\t\t\t\t\t\t\t\t\t\t<h2 class=\"price\"><del aria-hidden=\"true\"><span class=\"woocommerce-Price-amount amount\"><span class=\"woocommerce-Price-currencySymbol\">&#082;&#036;<\/span>&nbsp;29,99<\/span><\/del> <span class=\"screen-reader-text\">O pre\u00e7o original era: &#082;&#036;&nbsp;29,99.<\/span><ins aria-hidden=\"true\"><span class=\"woocommerce-Price-amount amount\"><span class=\"woocommerce-Price-currencySymbol\">&#082;&#036;<\/span>&nbsp;24,99<\/span><\/ins><span class=\"screen-reader-text\">O pre\u00e7o atual \u00e9: &#082;&#036;&nbsp;24,99.<\/span><\/h2>\n\t\t\t\t\t\t\t\t\t\t<\/div>\n\n\t\t\t\t\t\t\t\t\t\t\t\t\t\t\t\t\t\t\t\t\t\t<div class=\"wl-ssl-product-cart\">\n\t\t\t\t\t\t\t\t\t\t\t\t\t<div class=\"wl-cart-area\">\n\t\t\t\t\t\t\t\t\t\t\t\t\t\t<a href=\"?add-to-cart=603\" data-quantity=\"1\" class=\"product_type_simple add_to_cart_button ajax_add_to_cart\" data-product_id=\"603\" ><i class=\"eicon-cart-solid\"><\/i><\/a>\n\t\t\t\t\t\t\t\t\t\t\t\t\t<\/div>\n\t\t\t\t\t\t\t\t\t\t\t\t<\/div>\n\t\t\t\t\t\t\t\t\t\t\t\t\t\t\t\t\t\t\t\t<\/div>\n\t\t\t\t\t\t\t\t<\/div>\n\t\t\t\t\t\t\t\t<\/div>\n\t\t\t\t\t\t\t\t\t\t\t\t\t<\/div>\n\n\t\t\t\t\t\t\t\t\t\t\t<div class=\"wl-ssl-single-product product wl-ssl-right\">\n\t\t\t\t\t\t\t\t\t\t\t\t\t\t\t<div class=\"wl-ssl-single-widget\">\n\n\t\t\t\t\t\t\t\t\t\t\t\t\t\t\t<div class=\"wl-ssl-corner-ribbon\">\n\t\t\t\t\t\t\t\t\t<span>15% off<\/span>\t\t\t\t\t\t\t\t<\/div>\n\t\t\t\t\t\t\t\n\t\t\t\t\t\t\t\t<div class=\"wl-ssl-product-img\">\n\n\t\t\t\t\t\t\t\t\t\t\t\t\t\t\t\t\t\t\t<img decoding=\"async\" src=\"https:\/\/www.planetacocoverde.com.br\/wp-content\/uploads\/2024\/07\/garrafa-01--e1721304766721.png\" alt=\"\u00c1gua de coco 6 Litro - Val. 5 dias na geladeira\"\/>  \n\t\t\t\t\t\t\t\t\t\n\t\t\t\t\t\t\t\t<\/div>\n\n\t\t\t\t\t\t\t\t\n\t\t\t\t\t\t\t\t<div class=\"wl-ssl-product-details\">\n\n\t\t\t\t\t\t\t\t\t\t\t\t\t\t\t\t\t\t\t<div class=\"wl-ssl-product-fav\">\n\t\t\t\t\t\t\t\t\t\t\t<i class=\"eicon-heart  ajax_add_to_wish\" data-product_id=\"601\"><\/i>\n\t\t\t\t\t\t\t\t\t\t<\/div>\n\t\t\t\t\t\t\t\t\t\n\t\t\t\t\t\t\t\t\t<div class=\"wl-ssl-product-info\">\n\n\t\t\t\t\t\t\t\t\t\t\t\t\t\t\t\t\t\t\t\t\t<div class=\"wl-ssl-product-name\"><a class=\"wl-gradient-heading\" href=\"https:\/\/www.planetacocoverde.com.br\/pt\/produto\/agua-de-coco-6-litro-val-5-dias-na-geladeira\/\">\u00c1gua de coco 6 Litro - Val. 5 dias na geladeira<\/a><\/div>\n\t\t\t\t\t\t\t\t\t\t\n\t\t\t\t\t\t\t\t\t\t\t\t\t\t\t\t\t\t\t\t\t\t<div class=\"wl-ssl-product-desc\">\n\t\t\t\t\t\t\t\t\t\t\t\t\t<p>\n\t\t\t\t\t\t\t\t\t\t\t\t\tO coco verde, tamb\u00e9m conhecido como coco jovem, \u00e9 uma fruta tropical amplamente apreciada por sua \u00e1gua refrescante e polpa&hellip;\t\t\t\t\t\t\t\t\t\t\t\t\t<\/p>\n\t\t\t\t\t\t\t\t\t\t\t\t<\/div>\n\t\t\t\t\t\t\t\t\t\t\n\t\t\t\t\t\t\t\t\t<\/div>\n\t\t\t\t\t\t\t\t\t\t\t\t\t\t\t\t\t\t<div class=\"wl-ssl-info-icons\">\n\t\t\t\t\t\t\t\t\t\t<div class=\"wl-ssl-price\">\n\t\t\t\t\t\t\t\t\t\t\t<h2 class=\"price\"><del aria-hidden=\"true\"><span class=\"woocommerce-Price-amount amount\"><span class=\"woocommerce-Price-currencySymbol\">&#082;&#036;<\/span>&nbsp;119,99<\/span><\/del> <span class=\"screen-reader-text\">O pre\u00e7o original era: &#082;&#036;&nbsp;119,99.<\/span><ins aria-hidden=\"true\"><span class=\"woocommerce-Price-amount amount\"><span class=\"woocommerce-Price-currencySymbol\">&#082;&#036;<\/span>&nbsp;101,99<\/span><\/ins><span class=\"screen-reader-text\">O pre\u00e7o atual \u00e9: &#082;&#036;&nbsp;101,99.<\/span><\/h2>\n\t\t\t\t\t\t\t\t\t\t<\/div>\n\n\t\t\t\t\t\t\t\t\t\t\t\t\t\t\t\t\t\t\t\t\t\t<div class=\"wl-ssl-product-cart\">\n\t\t\t\t\t\t\t\t\t\t\t\t\t<div class=\"wl-cart-area\">\n\t\t\t\t\t\t\t\t\t\t\t\t\t\t<a href=\"?add-to-cart=601\" data-quantity=\"1\" class=\"product_type_simple add_to_cart_button ajax_add_to_cart\" data-product_id=\"601\" ><i class=\"eicon-cart-solid\"><\/i><\/a>\n\t\t\t\t\t\t\t\t\t\t\t\t\t<\/div>\n\t\t\t\t\t\t\t\t\t\t\t\t<\/div>\n\t\t\t\t\t\t\t\t\t\t\t\t\t\t\t\t\t\t\t\t<\/div>\n\t\t\t\t\t\t\t\t<\/div>\n\t\t\t\t\t\t\t\t<\/div>\n\t\t\t\t\t\t\t\t\t\t\t\t\t<\/div>\n\n\t\t\t\t\t\t\t\t\t\t\t<div class=\"wl-ssl-single-product product wl-ssl-right\">\n\t\t\t\t\t\t\t\t\t\t\t\t\t\t\t<div class=\"wl-ssl-single-widget\">\n\n\t\t\t\t\t\t\t\t\t\t\t\t\t\t\t<div class=\"wl-ssl-corner-ribbon\">\n\t\t\t\t\t\t\t\t\t<span>13% off<\/span>\t\t\t\t\t\t\t\t<\/div>\n\t\t\t\t\t\t\t\n\t\t\t\t\t\t\t\t<div class=\"wl-ssl-product-img\">\n\n\t\t\t\t\t\t\t\t\t\t\t\t\t\t\t\t\t\t\t<img decoding=\"async\" src=\"https:\/\/www.planetacocoverde.com.br\/wp-content\/uploads\/2024\/07\/garrafa-01--e1721304766721.png\" alt=\"\u00c1gua de coco 3 Litro - Val. 5 dias na geladeira\"\/>  \n\t\t\t\t\t\t\t\t\t\n\t\t\t\t\t\t\t\t<\/div>\n\n\t\t\t\t\t\t\t\t\n\t\t\t\t\t\t\t\t<div class=\"wl-ssl-product-details\">\n\n\t\t\t\t\t\t\t\t\t\t\t\t\t\t\t\t\t\t\t<div class=\"wl-ssl-product-fav\">\n\t\t\t\t\t\t\t\t\t\t\t<i class=\"eicon-heart  ajax_add_to_wish\" data-product_id=\"599\"><\/i>\n\t\t\t\t\t\t\t\t\t\t<\/div>\n\t\t\t\t\t\t\t\t\t\n\t\t\t\t\t\t\t\t\t<div class=\"wl-ssl-product-info\">\n\n\t\t\t\t\t\t\t\t\t\t\t\t\t\t\t\t\t\t\t\t\t<div class=\"wl-ssl-product-name\"><a class=\"wl-gradient-heading\" href=\"https:\/\/www.planetacocoverde.com.br\/pt\/produto\/agua-de-coco-3-litro-val-5-dias-na-geladeira\/\">\u00c1gua de coco 3 Litro - Val. 5 dias na geladeira<\/a><\/div>\n\t\t\t\t\t\t\t\t\t\t\n\t\t\t\t\t\t\t\t\t\t\t\t\t\t\t\t\t\t\t\t\t\t<div class=\"wl-ssl-product-desc\">\n\t\t\t\t\t\t\t\t\t\t\t\t\t<p>\n\t\t\t\t\t\t\t\t\t\t\t\t\tO coco verde, tamb\u00e9m conhecido como coco jovem, \u00e9 uma fruta tropical amplamente apreciada por sua \u00e1gua refrescante e polpa&hellip;\t\t\t\t\t\t\t\t\t\t\t\t\t<\/p>\n\t\t\t\t\t\t\t\t\t\t\t\t<\/div>\n\t\t\t\t\t\t\t\t\t\t\n\t\t\t\t\t\t\t\t\t<\/div>\n\t\t\t\t\t\t\t\t\t\t\t\t\t\t\t\t\t\t<div class=\"wl-ssl-info-icons\">\n\t\t\t\t\t\t\t\t\t\t<div class=\"wl-ssl-price\">\n\t\t\t\t\t\t\t\t\t\t\t<h2 class=\"price\"><del aria-hidden=\"true\"><span class=\"woocommerce-Price-amount amount\"><span class=\"woocommerce-Price-currencySymbol\">&#082;&#036;<\/span>&nbsp;59,99<\/span><\/del> <span class=\"screen-reader-text\">O pre\u00e7o original era: &#082;&#036;&nbsp;59,99.<\/span><ins aria-hidden=\"true\"><span class=\"woocommerce-Price-amount amount\"><span class=\"woocommerce-Price-currencySymbol\">&#082;&#036;<\/span>&nbsp;52,49<\/span><\/ins><span class=\"screen-reader-text\">O pre\u00e7o atual \u00e9: &#082;&#036;&nbsp;52,49.<\/span><\/h2>\n\t\t\t\t\t\t\t\t\t\t<\/div>\n\n\t\t\t\t\t\t\t\t\t\t\t\t\t\t\t\t\t\t\t\t\t\t<div class=\"wl-ssl-product-cart\">\n\t\t\t\t\t\t\t\t\t\t\t\t\t<div class=\"wl-cart-area\">\n\t\t\t\t\t\t\t\t\t\t\t\t\t\t<a href=\"?add-to-cart=599\" data-quantity=\"1\" class=\"product_type_simple add_to_cart_button ajax_add_to_cart\" data-product_id=\"599\" ><i class=\"eicon-cart-solid\"><\/i><\/a>\n\t\t\t\t\t\t\t\t\t\t\t\t\t<\/div>\n\t\t\t\t\t\t\t\t\t\t\t\t<\/div>\n\t\t\t\t\t\t\t\t\t\t\t\t\t\t\t\t\t\t\t\t<\/div>\n\t\t\t\t\t\t\t\t<\/div>\n\t\t\t\t\t\t\t\t<\/div>\n\t\t\t\t\t\t\t\t\t\t\t\t\t<\/div>\n\n\t\t\t\t\t\t\t\t\t\t\t<div class=\"wl-ssl-single-product product wl-ssl-right\">\n\t\t\t\t\t\t\t\t\t\t\t\t\t\t\t<div class=\"wl-ssl-single-widget\">\n\n\t\t\t\t\t\t\t\t\t\t\t\t\t\t\t<div class=\"wl-ssl-corner-ribbon\">\n\t\t\t\t\t\t\t\t\t<span>10% off<\/span>\t\t\t\t\t\t\t\t<\/div>\n\t\t\t\t\t\t\t\n\t\t\t\t\t\t\t\t<div class=\"wl-ssl-product-img\">\n\n\t\t\t\t\t\t\t\t\t\t\t\t\t\t\t\t\t\t\t<img decoding=\"async\" src=\"https:\/\/www.planetacocoverde.com.br\/wp-content\/uploads\/2024\/07\/garrafa-01--e1721304766721.png\" alt=\"\u00c1gua de coco 1 Litro - Val. 5 dias na geladeira\"\/>  \n\t\t\t\t\t\t\t\t\t\n\t\t\t\t\t\t\t\t<\/div>\n\n\t\t\t\t\t\t\t\t\n\t\t\t\t\t\t\t\t<div class=\"wl-ssl-product-details\">\n\n\t\t\t\t\t\t\t\t\t\t\t\t\t\t\t\t\t\t\t<div class=\"wl-ssl-product-fav\">\n\t\t\t\t\t\t\t\t\t\t\t<i class=\"eicon-heart  ajax_add_to_wish\" data-product_id=\"597\"><\/i>\n\t\t\t\t\t\t\t\t\t\t<\/div>\n\t\t\t\t\t\t\t\t\t\n\t\t\t\t\t\t\t\t\t<div class=\"wl-ssl-product-info\">\n\n\t\t\t\t\t\t\t\t\t\t\t\t\t\t\t\t\t\t\t\t\t<div class=\"wl-ssl-product-name\"><a class=\"wl-gradient-heading\" href=\"https:\/\/www.planetacocoverde.com.br\/pt\/produto\/agua-de-coco-1-litro-val-5-dias-na-geladeira\/\">\u00c1gua de coco 1 Litro - Val. 5 dias na geladeira<\/a><\/div>\n\t\t\t\t\t\t\t\t\t\t\n\t\t\t\t\t\t\t\t\t\t\t\t\t\t\t\t\t\t\t\t\t\t<div class=\"wl-ssl-product-desc\">\n\t\t\t\t\t\t\t\t\t\t\t\t\t<p>\n\t\t\t\t\t\t\t\t\t\t\t\t\tO coco verde, tamb\u00e9m conhecido como coco jovem, \u00e9 uma fruta tropical amplamente apreciada por sua \u00e1gua refrescante e polpa&hellip;\t\t\t\t\t\t\t\t\t\t\t\t\t<\/p>\n\t\t\t\t\t\t\t\t\t\t\t\t<\/div>\n\t\t\t\t\t\t\t\t\t\t\n\t\t\t\t\t\t\t\t\t<\/div>\n\t\t\t\t\t\t\t\t\t\t\t\t\t\t\t\t\t\t<div class=\"wl-ssl-info-icons\">\n\t\t\t\t\t\t\t\t\t\t<div class=\"wl-ssl-price\">\n\t\t\t\t\t\t\t\t\t\t\t<h2 class=\"price\"><del aria-hidden=\"true\"><span class=\"woocommerce-Price-amount amount\"><span class=\"woocommerce-Price-currencySymbol\">&#082;&#036;<\/span>&nbsp;19,99<\/span><\/del> <span class=\"screen-reader-text\">O pre\u00e7o original era: &#082;&#036;&nbsp;19,99.<\/span><ins aria-hidden=\"true\"><span class=\"woocommerce-Price-amount amount\"><span class=\"woocommerce-Price-currencySymbol\">&#082;&#036;<\/span>&nbsp;17,99<\/span><\/ins><span class=\"screen-reader-text\">O pre\u00e7o atual \u00e9: &#082;&#036;&nbsp;17,99.<\/span><\/h2>\n\t\t\t\t\t\t\t\t\t\t<\/div>\n\n\t\t\t\t\t\t\t\t\t\t\t\t\t\t\t\t\t\t\t\t\t\t<div class=\"wl-ssl-product-cart\">\n\t\t\t\t\t\t\t\t\t\t\t\t\t<div class=\"wl-cart-area\">\n\t\t\t\t\t\t\t\t\t\t\t\t\t\t<a href=\"?add-to-cart=597\" data-quantity=\"1\" class=\"product_type_simple add_to_cart_button ajax_add_to_cart\" data-product_id=\"597\" ><i class=\"eicon-cart-solid\"><\/i><\/a>\n\t\t\t\t\t\t\t\t\t\t\t\t\t<\/div>\n\t\t\t\t\t\t\t\t\t\t\t\t<\/div>\n\t\t\t\t\t\t\t\t\t\t\t\t\t\t\t\t\t\t\t\t<\/div>\n\t\t\t\t\t\t\t\t<\/div>\n\t\t\t\t\t\t\t\t<\/div>\n\t\t\t\t\t\t\t\t\t\t\t\t\t<\/div>\n\n\t\t\t\t\t\t\t<\/div>\n\t<\/div>\n\t<\/div>\n\n<script type=\"text\/javascript\">\n\tjQuery(function($){\n\t\t\n\t\tvar config\t\t\t\t= {\"autoplay\":\"yes\",\"autoplay_speed\":3000,\"animation_speed\":300,\"infinite_loop\":true,\"navigation\":\"arrow\",\"slides_show\":1,\"slides_show_mobile\":1,\"slides_show_tablet\":2,\"slider_alignment\":\"false\",\"arrow_icon_left\":{\"value\":\"eicon-chevron-left\",\"library\":\"solid\"},\"arrow_icon_right\":{\"value\":\"eicon-chevron-right\",\"library\":\"solid\"}};\n\t\tvar $loop\t\t\t\t= config.infinite_loop ? true : false;\n\t\tvar $autoplay\t\t\t= config.autoplay ? true : false;\n\t\tvar $slider_alignment\t= config.slider_alignment == 'true' ? true : false;\n\n\t\tif ( 'none' == config.navigation ) {\n\t\t\t$arrows = false;\n\t\t\t$dots \t= false;\n\t\t}\n\t\telse if( 'arrow' == config.navigation ) {\n\t\t\t$arrows = true;\n\t\t\t$dots \t= false;\n\t\t}\n\t\telse if( 'dots' == config.navigation ) {\n\t\t\t$arrows = false;\n\t\t\t$dots \t= true;\n\t\t}\n\t\telse {\n\t\t\t$arrows = true;\n\t\t\t$dots \t= true;\n\t\t}\n\n\t\tif ( config.arrow_icon_left ) {\n\t\t\tvar $prevArrow = '<button type=\"button\" class=\"slick-prev\"><i class=\"'+ config.arrow_icon_left.value +'\"><\/i><\/button>'\n\t\t} else {\n\t\t\tvar $prevArrow = false\n\t\t}\n\n\t\tif ( config.arrow_icon_right ) {\n\t\t\tvar $nextArrow = '<button type=\"button\" class=\"slick-next\"><i class=\"'+ config.arrow_icon_right.value +'\"><\/i><\/button>'\n\t\t} else {\n\t\t\tvar $nextArrow = false\n\t\t}\n\n\t\t$('.wl-ssl-slick-d8c59b0' ).slick({\n\t\t\t\tinfinite: $loop,\n\t\t\t\tautoplay: $autoplay,\n\t\t\t\tautoplaySpeed: config.autoplay_speed,\n\t\t\t\tspeed: config.animation_speed,\n\t\t\t\tslidesToShow: parseInt(config.slides_show),\n\t\t\t\tslidesToScroll: parseInt(config.slides_show),\n\t\t\t\tarrows: $arrows,\n\t\t\t\tdots: $dots,\n\t\t\t\tvertical: $slider_alignment,\n\t\t\tprevArrow: $prevArrow,\n\t\t\tnextArrow: $nextArrow,\n\n\t\t\tresponsive: [\n\t\t\t{\n\t\t\t\tbreakpoint: 1024,\n\t\t\t\tsettings: {\n\t\t\t\tslidesToShow: parseInt(config.slides_show),\n\t\t\t\tslidesToScroll: parseInt(config.slides_show),\n\t\t\t\t}\n\t\t\t},\n\t\t\t{\n\t\t\t\tbreakpoint: 769,\n\t\t\t\tsettings: {\n\t\t\t\tslidesToShow: parseInt(config.slides_show_tablet),\n\t\t\t\tslidesToScroll: parseInt(config.slides_show_tablet),\n\t\t\t\t}\n\t\t\t},\n\t\t\t{\n\t\t\t\tbreakpoint: 480,\n\t\t\t\tsettings: {\n\t\t\t\tslidesToShow: parseInt(config.slides_show_mobile),\n\t\t\t\tslidesToScroll: parseInt(config.slides_show_mobile),\n\t\t\t\t}\n\t\t\t}\n\t\t\t]\n\t\t});\n\t})\n<\/script>\t\t<\/div>\n\n\t\t\t\t\t\t<\/div>\n\t\t\t\t<\/div>\n\t\t\t\t<\/div>\n\t\t<div class=\"elementor-element elementor-element-d9e6eef e-con-full e-flex e-con e-child\" data-id=\"d9e6eef\" data-element_type=\"container\">\n\t\t\t\t<div class=\"elementor-element elementor-element-707bad3 elementor-widget elementor-widget-heading\" data-id=\"707bad3\" data-element_type=\"widget\" data-widget_type=\"heading.default\">\n\t\t\t\t<div class=\"elementor-widget-container\">\n\t\t\t\t\t<h2 class=\"elementor-heading-title elementor-size-default\">Finalize seu sua Compra<\/h2>\t\t\t\t<\/div>\n\t\t\t\t<\/div>\n\t\t\t\t<\/div>\n\t\t\t\t\t<\/div>\n\t\t\t\t<\/div>\n\t\t\t\t<\/div>\n\t\t","protected":false},"excerpt":{"rendered":"<p>O custo de envio foi actualizado. &nbsp; Miniatura Produto Pre\u00e7o Quantidade Subtotal COCO NA FRUTA &#8211; UNIDADE &#82;&#36;&nbsp;4,99 Quantidade de COCO NA FRUTA &#8211; UNIDADE &#82;&#36;&nbsp;4,99 Cup\u00e3o: Aplicar Cupom Atualizar Carrinho Compre Tamb\u00e9m 20% off COCO NA FRUTA &#8211; 6 UNIDADES O coco verde, tamb\u00e9m conhecido como coco jovem, \u00e9 uma fruta tropical amplamente apreciada [&hellip;]<\/p>\n","protected":false},"author":1,"featured_media":0,"parent":0,"menu_order":0,"comment_status":"closed","ping_status":"closed","template":"","meta":{"_acf_changed":false,"footnotes":""},"class_list":["post-7","page","type-page","status-publish","hentry"],"acf":[],"_links":{"self":[{"href":"https:\/\/www.planetacocoverde.com.br\/pt\/wp-json\/wp\/v2\/pages\/7","targetHints":{"allow":["GET"]}}],"collection":[{"href":"https:\/\/www.planetacocoverde.com.br\/pt\/wp-json\/wp\/v2\/pages"}],"about":[{"href":"https:\/\/www.planetacocoverde.com.br\/pt\/wp-json\/wp\/v2\/types\/page"}],"author":[{"embeddable":true,"href":"https:\/\/www.planetacocoverde.com.br\/pt\/wp-json\/wp\/v2\/users\/1"}],"replies":[{"embeddable":true,"href":"https:\/\/www.planetacocoverde.com.br\/pt\/wp-json\/wp\/v2\/comments?post=7"}],"version-history":[{"count":33,"href":"https:\/\/www.planetacocoverde.com.br\/pt\/wp-json\/wp\/v2\/pages\/7\/revisions"}],"predecessor-version":[{"id":469,"href":"https:\/\/www.planetacocoverde.com.br\/pt\/wp-json\/wp\/v2\/pages\/7\/revisions\/469"}],"wp:attachment":[{"href":"https:\/\/www.planetacocoverde.com.br\/pt\/wp-json\/wp\/v2\/media?parent=7"}],"curies":[{"name":"wp","href":"https:\/\/api.w.org\/{rel}","templated":true}]}}